{"id":589,"date":"2023-10-25T18:55:52","date_gmt":"2023-10-25T21:55:52","guid":{"rendered":"https:\/\/projectfootballsport.com\/?page_id=589"},"modified":"2023-10-25T18:59:47","modified_gmt":"2023-10-25T21:59:47","slug":"terminos-y-condiciones","status":"publish","type":"page","link":"https:\/\/projectfootballsport.com\/en\/terminos-y-condiciones\/","title":{"rendered":"Terms and conditions"},"content":{"rendered":"<div data-elementor-type=\"wp-page\" data-elementor-id=\"589\" class=\"elementor elementor-589\" data-elementor-post-type=\"page\">\n\t\t\t\t\t\t\t<div class=\"elementor-element elementor-element-41e8ca7 e-flex e-con-boxed e-con e-parent\" data-id=\"41e8ca7\" data-element_type=\"container\" data-settings=\"{&quot;background_background&quot;:&quot;classic&quot;,&quot;content_width&quot;:&quot;boxed&quot;}\" data-core-v316-plus=\"true\">\n\t\t\t\t\t<div class=\"e-con-inner\">\n\t\t\t\t<div class=\"elementor-element elementor-element-f8e1727 elementor-widget elementor-widget-heading\" data-id=\"f8e1727\" data-element_type=\"widget\" data-widget_type=\"heading.default\">\n\t\t\t\t<div class=\"elementor-widget-container\">\n\t\t\t<style>\/*! elementor - v3.17.0 - 08-11-2023 *\/\n.elementor-heading-title{padding:0;margin:0;line-height:1}.elementor-widget-heading .elementor-heading-title[class*=elementor-size-]>a{color:inherit;font-size:inherit;line-height:inherit}.elementor-widget-heading .elementor-heading-title.elementor-size-small{font-size:15px}.elementor-widget-heading .elementor-heading-title.elementor-size-medium{font-size:19px}.elementor-widget-heading .elementor-heading-title.elementor-size-large{font-size:29px}.elementor-widget-heading .elementor-heading-title.elementor-size-xl{font-size:39px}.elementor-widget-heading .elementor-heading-title.elementor-size-xxl{font-size:59px}<\/style><h1 class=\"elementor-heading-title elementor-size-default\">Terms and conditions<\/h1>\t\t<\/div>\n\t\t\t\t<\/div>\n\t\t\t\t<div class=\"elementor-element elementor-element-6ab6dcf elementor-widget elementor-widget-text-editor\" data-id=\"6ab6dcf\" data-element_type=\"widget\" data-widget_type=\"text-editor.default\">\n\t\t\t\t<div class=\"elementor-widget-container\">\n\t\t\t<style>\/*! elementor - v3.17.0 - 08-11-2023 *\/\n.elementor-widget-text-editor.elementor-drop-cap-view-stacked .elementor-drop-cap{background-color:#69727d;color:#fff}.elementor-widget-text-editor.elementor-drop-cap-view-framed .elementor-drop-cap{color:#69727d;border:3px solid;background-color:transparent}.elementor-widget-text-editor:not(.elementor-drop-cap-view-default) .elementor-drop-cap{margin-top:8px}.elementor-widget-text-editor:not(.elementor-drop-cap-view-default) .elementor-drop-cap-letter{width:1em;height:1em}.elementor-widget-text-editor .elementor-drop-cap{float:left;text-align:center;line-height:1;font-size:50px}.elementor-widget-text-editor .elementor-drop-cap-letter{display:inline-block}<\/style>\t\t\t\t<p><strong>1- Acceptance of the Terms and Conditions<\/strong><\/p><p>By accessing and using this website (hereinafter, the \"Site\"), you agree to comply with these Terms and Conditions, as well as all applicable laws and regulations. If you do not agree to these terms, we ask that you do not use the Site.<\/p><p><strong>2- Use of the site<\/strong><\/p><ul><li><span style=\"background-color: transparent; color: var( --e-global-color-6b05912 ); font-family: var( --e-global-typography-text-font-family ), Sans-serif; font-weight: var( --e-global-typography-text-font-weight ); text-align: var(--text-align);\">The Site is provided for the purpose of offering information about sports projects and related events.<\/span><\/li><li><span style=\"background-color: transparent; color: var( --e-global-color-6b05912 ); font-family: var( --e-global-typography-text-font-family ), Sans-serif; font-weight: var( --e-global-typography-text-font-weight ); text-align: var(--text-align);\">You agree to use the Site in an ethical and responsible manner.<\/span><\/li><li><span style=\"background-color: transparent; color: var( --e-global-color-6b05912 ); font-family: var( --e-global-typography-text-font-family ), Sans-serif; font-weight: var( --e-global-typography-text-font-weight ); text-align: var(--text-align);\">Use of the Site for illegal activities or activities that violate the rights of third parties is not permitted.<\/span><\/li><\/ul><p><strong>3- Intellectual property<\/strong><\/p><ul><li><span style=\"background-color: transparent; color: var( --e-global-color-6b05912 ); font-family: var( --e-global-typography-text-font-family ), Sans-serif; font-weight: var( --e-global-typography-text-font-weight ); text-align: var(--text-align);\">All content on the Site, including text, graphics, logos, images and software, is protected by copyright and other intellectual property rights.<\/span><\/li><li><span style=\"background-color: transparent; color: var( --e-global-color-6b05912 ); font-family: var( --e-global-typography-text-font-family ), Sans-serif; font-weight: var( --e-global-typography-text-font-weight ); text-align: var(--text-align);\">Reproduction, distribution or modification of the content of the Site is not permitted without the written authorization of the owners.<\/span><\/li><\/ul><p><strong>4- Privacy<\/strong><\/p><ul><li><span style=\"background-color: transparent; color: var( --e-global-color-6b05912 ); font-family: var( --e-global-typography-text-font-family ), Sans-serif; font-weight: var( --e-global-typography-text-font-weight ); text-align: var(--text-align);\">The collection and use of personal data is governed by our Privacy Policy.<\/span><\/li><li><span style=\"background-color: transparent; color: var( --e-global-color-6b05912 ); font-family: var( --e-global-typography-text-font-family ), Sans-serif; font-weight: var( --e-global-typography-text-font-weight ); text-align: var(--text-align);\">You accept our privacy practices by using the Site.<\/span><\/li><\/ul><p><strong>5- User registration<\/strong><\/p><ul><li><span style=\"background-color: transparent; color: var( --e-global-color-6b05912 ); font-family: var( --e-global-typography-text-font-family ), Sans-serif; font-weight: var( --e-global-typography-text-font-weight ); text-align: var(--text-align);\">To access certain areas of the Site, you may be required to register and provide personal information.<\/span><\/li><li><span style=\"background-color: transparent; color: var( --e-global-color-6b05912 ); font-family: var( --e-global-typography-text-font-family ), Sans-serif; font-weight: var( --e-global-typography-text-font-weight ); text-align: var(--text-align);\">You are responsible for maintaining the confidentiality of your registration information and password.<\/span><\/li><li><span style=\"background-color: transparent; color: var( --e-global-color-6b05912 ); font-family: var( --e-global-typography-text-font-family ), Sans-serif; font-weight: var( --e-global-typography-text-font-weight ); text-align: var(--text-align);\">If you send a message within the Site, there is no guarantee that said message will be received, read or answered, nor does it assume any obligation regarding the security of the medium used or the confidentiality of the content of the messages received or sent.<\/span><\/li><\/ul><p><strong>6- Limitation of Liability<\/strong><\/p><ul><li>Use of the Site is at your own risk. We do not guarantee the accuracy, integrity or availability of the content.<\/li><li>We are not responsible for any damages or losses that may arise from the use of the Site.<\/li><\/ul><p><strong>7- Links to third parties<\/strong><\/p><p>The Site may contain links to third party websites. We have no control over the content of those sites and are not responsible for their content or privacy practices.<\/p><p><strong>8- Modifications to the Terms and Conditions<\/strong><\/p><p>We reserve the right to modify these Terms and Conditions at any time. Modifications will come into effect when posted on the Site.<\/p><p><strong>9- Account termination<\/strong><\/p><p>We reserve the right to suspend or terminate your account on the Site if we determine that you have violated these Terms and Conditions.<\/p><p><strong>10- Applicable Law<\/strong><\/p><p>These Terms and Conditions are governed by the laws of Argentina, and any dispute will be resolved in the competent courts of that location.<\/p>\t\t\t\t\t\t<\/div>\n\t\t\t\t<\/div>\n\t\t\t\t\t<\/div>\n\t\t\t\t<\/div>\n\t\t\t\t\t\t\t<\/div>","protected":false},"excerpt":{"rendered":"<p>T\u00e9rminos y Condiciones 1- Aceptaci\u00f3n de los T\u00e9rminos y Condiciones Al acceder y utilizar este sitio web (en adelante, el \u00abSitio\u00bb), usted acepta cumplir con estos T\u00e9rminos y Condiciones, as\u00ed como todas las leyes y regulaciones aplicables. Si no est\u00e1 de acuerdo con estos t\u00e9rminos, le pedimos que no utilice el Sitio. 2- Uso del [&hellip;]<\/p>","protected":false},"author":2,"featured_media":0,"parent":0,"menu_order":0,"comment_status":"closed","ping_status":"closed","template":"elementor_header_footer","meta":{"footnotes":""},"class_list":["post-589","page","type-page","status-publish","hentry"],"_links":{"self":[{"href":"https:\/\/projectfootballsport.com\/en\/wp-json\/wp\/v2\/pages\/589","targetHints":{"allow":["GET"]}}],"collection":[{"href":"https:\/\/projectfootballsport.com\/en\/wp-json\/wp\/v2\/pages"}],"about":[{"href":"https:\/\/projectfootballsport.com\/en\/wp-json\/wp\/v2\/types\/page"}],"author":[{"embeddable":true,"href":"https:\/\/projectfootballsport.com\/en\/wp-json\/wp\/v2\/users\/2"}],"replies":[{"embeddable":true,"href":"https:\/\/projectfootballsport.com\/en\/wp-json\/wp\/v2\/comments?post=589"}],"version-history":[{"count":0,"href":"https:\/\/projectfootballsport.com\/en\/wp-json\/wp\/v2\/pages\/589\/revisions"}],"wp:attachment":[{"href":"https:\/\/projectfootballsport.com\/en\/wp-json\/wp\/v2\/media?parent=589"}],"curies":[{"name":"wp","href":"https:\/\/api.w.org\/{rel}","templated":true}]}}